{"id":5252,"date":"2022-01-07T10:46:47","date_gmt":"2022-01-07T13:46:47","guid":{"rendered":"https:\/\/gasdonadecasa.com.br\/pedido\/?page_id=5252"},"modified":"2026-01-08T12:26:34","modified_gmt":"2026-01-08T15:26:34","slug":"cilindro-de-gas-45-kg","status":"publish","type":"page","link":"https:\/\/gasdonadecasa.com.br\/pedido\/cilindro-de-gas-45-kg\/","title":{"rendered":"Cilindro de G\u00e1s 45 kg"},"content":{"rendered":"\t\t<div data-elementor-type=\"wp-page\" data-elementor-id=\"5252\" class=\"elementor elementor-5252\">\n\t\t\t\t\t\t\t\t\t<section class=\"elementor-section elementor-top-section elementor-element elementor-element-7a65aa73 elementor-section-boxed elementor-section-height-default elementor-section-height-default\" data-id=\"7a65aa73\" data-element_type=\"section\" data-settings=\"{&quot;background_background&quot;:&quot;gradient&quot;,&quot;_ha_eqh_enable&quot;:false}\">\n\t\t\t\t\t\t<div class=\"elementor-container elementor-column-gap-no\">\n\t\t\t\t\t<div class=\"elementor-column elementor-col-100 elementor-top-column elementor-element elementor-element-73b4988a\" data-id=\"73b4988a\" data-element_type=\"column\">\n\t\t\t<div class=\"elementor-widget-wrap elementor-element-populated\">\n\t\t\t\t\t\t\t\t<section class=\"elementor-section elementor-inner-section elementor-element elementor-element-373d60de elementor-section-full_width elementor-reverse-mobile elementor-section-height-default elementor-section-height-default\" data-id=\"373d60de\" data-element_type=\"section\" data-settings=\"{&quot;_ha_eqh_enable&quot;:false}\">\n\t\t\t\t\t\t<div class=\"elementor-container elementor-column-gap-default\">\n\t\t\t\t\t<div class=\"elementor-column elementor-col-50 elementor-inner-column elementor-element elementor-element-37c1ecb\" data-id=\"37c1ecb\" data-element_type=\"column\">\n\t\t\t<div class=\"elementor-widget-wrap elementor-element-populated\">\n\t\t\t\t\t\t\t\t<div class=\"elementor-element elementor-element-de410bd elementor-invisible elementor-widget elementor-widget-text-editor\" data-id=\"de410bd\" data-element_type=\"widget\" data-settings=\"{&quot;_animation&quot;:&quot;fadeInDown&quot;}\" data-widget_type=\"text-editor.default\">\n\t\t\t\t<div class=\"elementor-widget-container\">\n\t\t\t<style>\/*! elementor - v3.15.0 - 02-08-2023 *\/\n.elementor-widget-text-editor.elementor-drop-cap-view-stacked .elementor-drop-cap{background-color:#69727d;color:#fff}.elementor-widget-text-editor.elementor-drop-cap-view-framed .elementor-drop-cap{color:#69727d;border:3px solid;background-color:transparent}.elementor-widget-text-editor:not(.elementor-drop-cap-view-default) .elementor-drop-cap{margin-top:8px}.elementor-widget-text-editor:not(.elementor-drop-cap-view-default) .elementor-drop-cap-letter{width:1em;height:1em}.elementor-widget-text-editor .elementor-drop-cap{float:left;text-align:center;line-height:1;font-size:50px}.elementor-widget-text-editor .elementor-drop-cap-letter{display:inline-block}<\/style>\t\t\t\t<p style=\"text-align: center;\">CILINDRO de g\u00e1s de 45 kg (P45)<\/p>\t\t\t\t\t\t<\/div>\n\t\t\t\t<\/div>\n\t\t\t\t<div class=\"elementor-element elementor-element-686c03d9 elementor-invisible elementor-widget elementor-widget-text-editor\" data-id=\"686c03d9\" data-element_type=\"widget\" data-settings=\"{&quot;_animation&quot;:&quot;fadeInUp&quot;}\" data-widget_type=\"text-editor.default\">\n\t\t\t\t<div class=\"elementor-widget-container\">\n\t\t\t\t\t\t\t<p style=\"text-align: center;\">O Cilindro P45 \u00e9 utilizado em larga escala e em diferentes situa\u00e7\u00f5es e locais, tais como resid\u00eancias, com\u00e9rcio, bares, restaurantes, lavanderias, ind\u00fastria, hospitais e escolas. S\u00e3o instalados em centrais de abastecimento, em locais pr\u00e9-determinados pelos clientes.<\/p>\t\t\t\t\t\t<\/div>\n\t\t\t\t<\/div>\n\t\t\t\t<div class=\"elementor-element elementor-element-39d31354 elementor-widget__width-auto elementor-mobile-align-center elementor-invisible elementor-widget elementor-widget-button\" data-id=\"39d31354\" data-element_type=\"widget\" data-settings=\"{&quot;_animation&quot;:&quot;fadeInRight&quot;,&quot;ha_floating_fx&quot;:&quot;yes&quot;,&quot;ha_floating_fx_scale_toggle&quot;:&quot;yes&quot;,&quot;ha_floating_fx_scale_x&quot;:{&quot;unit&quot;:&quot;px&quot;,&quot;size&quot;:&quot;&quot;,&quot;sizes&quot;:{&quot;from&quot;:1,&quot;to&quot;:1.1999999999999999555910790149937383830547332763671875}},&quot;ha_floating_fx_scale_y&quot;:{&quot;unit&quot;:&quot;px&quot;,&quot;size&quot;:&quot;&quot;,&quot;sizes&quot;:{&quot;from&quot;:1,&quot;to&quot;:1.1999999999999999555910790149937383830547332763671875}},&quot;ha_floating_fx_scale_duration&quot;:{&quot;unit&quot;:&quot;px&quot;,&quot;size&quot;:1000,&quot;sizes&quot;:[]},&quot;ha_floating_fx_scale_delay&quot;:{&quot;unit&quot;:&quot;px&quot;,&quot;size&quot;:&quot;&quot;,&quot;sizes&quot;:[]}}\" data-widget_type=\"button.default\">\n\t\t\t\t<div class=\"elementor-widget-container\">\n\t\t\t\t\t<div class=\"elementor-button-wrapper\">\n\t\t\t<a class=\"elementor-button elementor-button-link elementor-size-sm elementor-animation-grow\" href=\"tel:3625-1035\">\n\t\t\t\t\t\t<span class=\"elementor-button-content-wrapper\">\n\t\t\t\t\t\t<span class=\"elementor-button-icon elementor-align-icon-right\">\n\t\t\t\t<i aria-hidden=\"true\" class=\"fas fa-phone-alt\"><\/i>\t\t\t<\/span>\n\t\t\t\t\t\t<span class=\"elementor-button-text\">LIGAR (31) 3625-1035<\/span>\n\t\t<\/span>\n\t\t\t\t\t<\/a>\n\t\t<\/div>\n\t\t\t\t<\/div>\n\t\t\t\t<\/div>\n\t\t\t\t<div class=\"elementor-element elementor-element-5f871da8 elementor-widget__width-auto elementor-mobile-align-left elementor-invisible elementor-widget elementor-widget-button\" data-id=\"5f871da8\" data-element_type=\"widget\" data-settings=\"{&quot;_animation&quot;:&quot;fadeInLeft&quot;}\" data-widget_type=\"button.default\">\n\t\t\t\t<div class=\"elementor-widget-container\">\n\t\t\t\t\t<div class=\"elementor-button-wrapper\">\n\t\t\t<a class=\"elementor-button elementor-button-link elementor-size-sm elementor-animation-grow\" href=\"https:\/\/api.whatsapp.com\/send?phone=553136251035&#038;text=Ol%C3%A1!%20Vim%20pelo%20site%20e%20gostaria%20de%20fazer%20um%20pedido%20de%20um%20CILINDRO%20DE%20G%C3%81S%20DE%2045%20Kg\">\n\t\t\t\t\t\t<span class=\"elementor-button-content-wrapper\">\n\t\t\t\t\t\t<span class=\"elementor-button-icon elementor-align-icon-right\">\n\t\t\t\t<i aria-hidden=\"true\" class=\"fab fa-whatsapp\"><\/i>\t\t\t<\/span>\n\t\t\t\t\t\t<span class=\"elementor-button-text\">Pedir pelo Whatsapp<\/span>\n\t\t<\/span>\n\t\t\t\t\t<\/a>\n\t\t<\/div>\n\t\t\t\t<\/div>\n\t\t\t\t<\/div>\n\t\t\t\t\t<\/div>\n\t\t<\/div>\n\t\t\t\t<div class=\"elementor-column elementor-col-50 elementor-inner-column elementor-element elementor-element-cf9a5a\" data-id=\"cf9a5a\" data-element_type=\"column\">\n\t\t\t<div class=\"elementor-widget-wrap elementor-element-populated\">\n\t\t\t\t\t\t\t\t<div class=\"elementor-element elementor-element-4d1b172b elementor-invisible elementor-widget elementor-widget-image\" data-id=\"4d1b172b\" data-element_type=\"widget\" data-settings=\"{&quot;_animation&quot;:&quot;fadeInDown&quot;}\" data-widget_type=\"image.default\">\n\t\t\t\t<div class=\"elementor-widget-container\">\n\t\t\t<style>\/*! elementor - v3.15.0 - 02-08-2023 *\/\n.elementor-widget-image{text-align:center}.elementor-widget-image a{display:inline-block}.elementor-widget-image a img[src$=\".svg\"]{width:48px}.elementor-widget-image img{vertical-align:middle;display:inline-block}<\/style>\t\t\t\t\t\t\t\t\t\t\t\t\t<a href=\"https:\/\/api.whatsapp.com\/send?phone=553198862-0362&#038;text=Ol%C3%A1!%20Vim%20pelo%20site%20e%20gostaria%20de%20fazer%20um%20pedido%20de%20um%20CILINDRO%20DE%20G%C3%81S%20DE%2045%20Kg\">\n\t\t\t\t\t\t\t<img loading=\"lazy\" decoding=\"async\" width=\"1080\" height=\"1080\" src=\"https:\/\/gasdonadecasa.com.br\/pedido\/wp-content\/uploads\/2023\/12\/5.png\" class=\"attachment-full size-full wp-image-6629\" alt=\"\" srcset=\"https:\/\/gasdonadecasa.com.br\/pedido\/wp-content\/uploads\/2023\/12\/5.png 1080w, https:\/\/gasdonadecasa.com.br\/pedido\/wp-content\/uploads\/2023\/12\/5-300x300.png 300w, https:\/\/gasdonadecasa.com.br\/pedido\/wp-content\/uploads\/2023\/12\/5-1024x1024.png 1024w, https:\/\/gasdonadecasa.com.br\/pedido\/wp-content\/uploads\/2023\/12\/5-150x150.png 150w, https:\/\/gasdonadecasa.com.br\/pedido\/wp-content\/uploads\/2023\/12\/5-768x768.png 768w, https:\/\/gasdonadecasa.com.br\/pedido\/wp-content\/uploads\/2023\/12\/5-355x355.png 355w, https:\/\/gasdonadecasa.com.br\/pedido\/wp-content\/uploads\/2023\/12\/5-370x370.png 370w, https:\/\/gasdonadecasa.com.br\/pedido\/wp-content\/uploads\/2023\/12\/5-170x170.png 170w\" sizes=\"auto, (max-width: 1080px) 100vw, 1080px\" \/>\t\t\t\t\t\t\t\t<\/a>\n\t\t\t\t\t\t\t\t\t\t\t\t\t\t\t<\/div>\n\t\t\t\t<\/div>\n\t\t\t\t\t<\/div>\n\t\t<\/div>\n\t\t\t\t\t\t\t<\/div>\n\t\t<\/section>\n\t\t\t\t\t<\/div>\n\t\t<\/div>\n\t\t\t\t\t\t\t<\/div>\n\t\t<\/section>\n\t\t\t\t\t\t\t<\/div>\n\t\t","protected":false},"excerpt":{"rendered":"<p>CILINDRO de g\u00e1s de 45 kg (P45) O Cilindro P45 \u00e9 utilizado em larga escala e em diferentes situa\u00e7\u00f5es e locais, tais como resid\u00eancias, com\u00e9rcio, bares, restaurantes, lavanderias, ind\u00fastria, hospitais [&hellip;]<\/p>\n","protected":false},"author":1,"featured_media":0,"parent":0,"menu_order":0,"comment_status":"closed","ping_status":"closed","template":"elementor_header_footer","meta":{"footnotes":""},"class_list":["post-5252","page","type-page","status-publish","hentry","rishi-post","no-post-thumbnail"],"rishi__cb_customizer_meta":"","_links":{"self":[{"href":"https:\/\/gasdonadecasa.com.br\/pedido\/wp-json\/wp\/v2\/pages\/5252","targetHints":{"allow":["GET"]}}],"collection":[{"href":"https:\/\/gasdonadecasa.com.br\/pedido\/wp-json\/wp\/v2\/pages"}],"about":[{"href":"https:\/\/gasdonadecasa.com.br\/pedido\/wp-json\/wp\/v2\/types\/page"}],"author":[{"embeddable":true,"href":"https:\/\/gasdonadecasa.com.br\/pedido\/wp-json\/wp\/v2\/users\/1"}],"replies":[{"embeddable":true,"href":"https:\/\/gasdonadecasa.com.br\/pedido\/wp-json\/wp\/v2\/comments?post=5252"}],"version-history":[{"count":28,"href":"https:\/\/gasdonadecasa.com.br\/pedido\/wp-json\/wp\/v2\/pages\/5252\/revisions"}],"predecessor-version":[{"id":6768,"href":"https:\/\/gasdonadecasa.com.br\/pedido\/wp-json\/wp\/v2\/pages\/5252\/revisions\/6768"}],"wp:attachment":[{"href":"https:\/\/gasdonadecasa.com.br\/pedido\/wp-json\/wp\/v2\/media?parent=5252"}],"curies":[{"name":"wp","href":"https:\/\/api.w.org\/{rel}","templated":true}]}}